{"id":10,"date":"2014-05-26T14:52:00","date_gmt":"2014-05-26T12:52:00","guid":{"rendered":"http:\/\/copia.nitlogistic.com\/wordpress\/?page_id=10"},"modified":"2022-09-14T14:00:20","modified_gmt":"2022-09-14T12:00:20","slug":"servicios","status":"publish","type":"page","link":"https:\/\/www.nitlogistic.com\/fr\/servicios\/","title":{"rendered":"Services"},"content":{"rendered":"<p>[vc_row][vc_column][vc_column_text]<\/p>\n<h1 style=\"text-align: center;\">Services<\/h1>\n<div>\n<div>\n<p><strong>Nit Logistic<\/strong>\u00a0consid\u00e8re que chaque client est particulier, qu\u2019il a des besoins concrets et diff\u00e9rents des autres clients, et c\u2019est pourquoi nous sommes \u00e0 sa disposition pour\u00a0<strong>nous adapter<\/strong>\u00a0\u00e0 chaque demande.<\/p>\n<\/div>\n<\/div>\n<p>[\/vc_column_text][\/vc_column][\/vc_row][vc_row][vc_column width=\u00a0\u00bb1\/2&Prime;][vc_column_text]<b><a href=\"http:\/\/www.copia.nitlogistic.com\/wp-content\/uploads\/2014\/05\/icono1.jpg\"><img loading=\"lazy\" class=\"alignnone wp-image-58 size-full\" src=\"http:\/\/www.copia.nitlogistic.com\/wp-content\/uploads\/2014\/05\/icono1.jpg\" alt=\"icono1\" width=\"50\" height=\"49\" srcset=\"https:\/\/www.nitlogistic.com\/wp-content\/uploads\/2014\/05\/icono1.jpg 50w, https:\/\/www.nitlogistic.com\/wp-content\/uploads\/2014\/05\/icono1-1x1.jpg 1w\" sizes=\"(max-width: 50px) 100vw, 50px\" \/><\/a><span style=\"color: #000000;\">Freight<\/span><\/b><br \/>\nService de d\u00e9parts quotidiens pour des envois sans limite de poids vers l\u2019Allemagne, la Belgique, la France, la Hollande, les pays de l\u2019Est, le Portugal, le Royaume-Uni et l\u2019Italie[\/vc_column_text][vc_separator][\/vc_column][vc_column width=\u00a0\u00bb1\/2&Prime;][vc_column_text]<strong><img loading=\"lazy\" class=\"alignnone wp-image-60 size-full\" src=\"http:\/\/www.copia.nitlogistic.com\/wp-content\/uploads\/2014\/05\/icono2.jpg\" alt=\"icono2\" width=\"50\" height=\"49\" srcset=\"https:\/\/www.nitlogistic.com\/wp-content\/uploads\/2014\/05\/icono2.jpg 50w, https:\/\/www.nitlogistic.com\/wp-content\/uploads\/2014\/05\/icono2-1x1.jpg 1w\" sizes=\"(max-width: 50px) 100vw, 50px\" \/>Conseil \u00e9conomique\/logistique<br \/>\n<\/strong>Notre groupe dispose d\u2019experts en \u00e9conomie et logistique pour vous aider \u00e0 r\u00e9soudre n\u2019importe quel doute ou question.[\/vc_column_text][vc_separator][\/vc_column][\/vc_row][vc_row][vc_column width=\u00a0\u00bb1\/2&Prime;][vc_column_text]<strong><a href=\"http:\/\/www.copia.nitlogistic.com\/wp-content\/uploads\/2014\/05\/icono4.jpg\"><img loading=\"lazy\" class=\"alignnone wp-image-62 size-full\" src=\"http:\/\/www.copia.nitlogistic.com\/wp-content\/uploads\/2014\/05\/icono4.jpg\" alt=\"icono4\" width=\"50\" height=\"49\" srcset=\"https:\/\/www.nitlogistic.com\/wp-content\/uploads\/2014\/05\/icono4.jpg 50w, https:\/\/www.nitlogistic.com\/wp-content\/uploads\/2014\/05\/icono4-1x1.jpg 1w\" sizes=\"(max-width: 50px) 100vw, 50px\" \/><\/a> Transport a\u00e9rien<\/strong><\/p>\n<div style=\"padding-left: 15px;\"><strong>\u00b7<\/strong>\u00a0Agents IATA.<br \/>\n<strong>\u00b7<\/strong>\u00a0Service de charter.<br \/>\n\u00b7 Agence dans le terminal cargo de l\u2019a\u00e9roport de Barcelone-el Prat.<\/div>\n<p>[\/vc_column_text][\/vc_column][vc_column width=\u00a0\u00bb1\/2&Prime;][vc_column_text]<strong><a href=\"http:\/\/www.copia.nitlogistic.com\/wp-content\/uploads\/2014\/05\/icono6.jpg\"><img loading=\"lazy\" class=\"alignnone wp-image-65 size-full\" src=\"http:\/\/www.copia.nitlogistic.com\/wp-content\/uploads\/2014\/05\/icono6.jpg\" alt=\"icono6\" width=\"50\" height=\"49\" srcset=\"https:\/\/www.nitlogistic.com\/wp-content\/uploads\/2014\/05\/icono6.jpg 50w, https:\/\/www.nitlogistic.com\/wp-content\/uploads\/2014\/05\/icono6-1x1.jpg 1w\" sizes=\"(max-width: 50px) 100vw, 50px\" \/><\/a> Transport maritime<\/strong><\/p>\n<div style=\"padding-left: 15px;\">\u00b7 Conteneurs complets (FCL\u00a0:\u00a0<em>Full Container Load<\/em>).<br \/>\n\u00b7 Groupage\u00a0: services r\u00e9guliers dans le monde entier (LCL\u00a0:\u00a0<em>Less than Container Load<\/em>).<br \/>\n<strong>\u00b7<\/strong>\u00a0\u00c9quipements sp\u00e9ciaux.<br \/>\n<strong>\u00b7<\/strong>\u00a0Cabotage (\u00celes Bal\u00e9ares et \u00celes Canaries).<\/div>\n<p>[\/vc_column_text][\/vc_column][\/vc_row][vc_row][vc_column width=\u00a0\u00bb1\/2&Prime;][vc_separator][vc_column_text]<a href=\"http:\/\/www.copia.nitlogistic.com\/wp-content\/uploads\/2014\/05\/icono7.jpg\"><img loading=\"lazy\" class=\"alignnone wp-image-66 size-full\" src=\"http:\/\/www.copia.nitlogistic.com\/wp-content\/uploads\/2014\/05\/icono7.jpg\" alt=\"icono7\" width=\"50\" height=\"49\" srcset=\"https:\/\/www.nitlogistic.com\/wp-content\/uploads\/2014\/05\/icono7.jpg 50w, https:\/\/www.nitlogistic.com\/wp-content\/uploads\/2014\/05\/icono7-1x1.jpg 1w\" sizes=\"(max-width: 50px) 100vw, 50px\" \/><\/a>\u00a0<span style=\"color: #000000;\"><strong>Stockage\/Picking<\/strong><\/span><\/p>\n<div style=\"padding-left: 15px;\"><strong>\u00b7\u00a0<\/strong>Stockage.<br \/>\n<strong>\u00b7<\/strong>\u00a0Manipulation :\u00a0<em>picking<\/em>\u00a0et\u00a0<em>packing<\/em>.<br \/>\n<strong>\u00b7<\/strong>\u00a0Distribution nationale.<br \/>\n<strong>\u00b7\u00a0<\/strong>Distribution internationale.<br \/>\n<strong>\u00b7\u00a0<\/strong>D\u00e9p\u00f4t douanier fiscal<br \/>\n<strong>\u00b7<\/strong>\u00a0Services \u00e0 valeur ajout\u00e9e\u00a0: conditionnement, \u00e9tiquetage, classement.<br \/>\n<strong>\u00b7\u00a0<\/strong>Outsourcing logistique.<\/div>\n<p>[\/vc_column_text][vc_separator][\/vc_column][vc_column width=\u00a0\u00bb1\/2&Prime;][vc_separator][vc_column_text]<a href=\"http:\/\/www.copia.nitlogistic.com\/wp-content\/uploads\/2014\/05\/icono5.jpg\"><img loading=\"lazy\" class=\"alignnone wp-image-64 size-full\" src=\"http:\/\/www.copia.nitlogistic.com\/wp-content\/uploads\/2014\/05\/icono5.jpg\" alt=\"icono5\" width=\"50\" height=\"49\" srcset=\"https:\/\/www.nitlogistic.com\/wp-content\/uploads\/2014\/05\/icono5.jpg 50w, https:\/\/www.nitlogistic.com\/wp-content\/uploads\/2014\/05\/icono5-1x1.jpg 1w\" sizes=\"(max-width: 50px) 100vw, 50px\" \/><\/a><span style=\"color: #000000;\">\u00a0<strong>Douanes<\/strong><\/span><\/p>\n<div style=\"padding-left: 15px;\"><strong>\u00b7<\/strong>\u00a0Service douanier sp\u00e9cialis\u00e9 dans tous les types de destinations et de r\u00e9gimes douaniers.<br \/>\n<strong>\u00b7<\/strong>\u00a0Groupage\u00a0: services r\u00e9guliers dans le monde entier (LCL\u00a0:\u00a0<em>Less than Container Load<\/em>).<br \/>\n<strong>\u00b7<\/strong>\u00a0Intrastat<br \/>\n<strong>\u00b7<\/strong>\u00a0Enceintes douani\u00e8res propres.<br \/>\n<strong>\u00b7<\/strong>\u00a0Connexion EDI et Internet avec l\u2019administration.<\/div>\n<p>[\/vc_column_text][vc_separator][\/vc_column][\/vc_row][vc_row][vc_column][vc_column_text]<strong><a href=\"http:\/\/www.copia.nitlogistic.com\/wp-content\/uploads\/2014\/05\/icono3.jpg\"><img loading=\"lazy\" class=\"alignnone wp-image-61 size-full\" src=\"http:\/\/www.copia.nitlogistic.com\/wp-content\/uploads\/2014\/05\/icono3.jpg\" alt=\"icono3\" width=\"50\" height=\"49\" srcset=\"https:\/\/www.nitlogistic.com\/wp-content\/uploads\/2014\/05\/icono3.jpg 50w, https:\/\/www.nitlogistic.com\/wp-content\/uploads\/2014\/05\/icono3-1x1.jpg 1w\" sizes=\"(max-width: 50px) 100vw, 50px\" \/><\/a>\u00a0<span style=\"color: #000000;\">Europack<\/span><\/strong><br \/>\nService de d\u00e9parts quotidiens vers l\u2019Europe enti\u00e8re, prix par paquet \u00e0 poids r\u00e9el, pas de calcul de volume, la somme en cm de la hauteur, la largeur et la profondeur ne peut pas d\u00e9passer 200.[\/vc_column_text][\/vc_column][\/vc_row]<\/p>","protected":false},"excerpt":{"rendered":"<p>[vc_row][vc_column][vc_column_text] Services Nit Logistic\u00a0consid\u00e8re que chaque client est particulier, qu\u2019il a des besoins concrets et diff\u00e9rents des autres clients, et c\u2019est pourquoi nous sommes \u00e0 sa disposition pour\u00a0nous adapter\u00a0\u00e0 chaque demande. [\/vc_column_text][\/vc_column][\/vc_row][vc_row][vc_column width=\u00a0\u00bb1\/2&Prime;][vc_column_text]Freight Service de d\u00e9parts quotidiens pour des envois sans limite de poids vers l\u2019Allemagne, la Belgique, la France, la Hollande, les pays de &hellip;<\/p>\n<p class=\"read-more\"> <a class=\"\" href=\"https:\/\/www.nitlogistic.com\/fr\/servicios\/\"> <span class=\"screen-reader-text\">Services<\/span> Lire la suite\u00a0\u00bb<\/a><\/p>\n","protected":false},"author":2,"featured_media":0,"parent":0,"menu_order":0,"comment_status":"closed","ping_status":"closed","template":"","meta":{"site-sidebar-layout":"no-sidebar","site-content-layout":"plain-container","ast-global-header-display":"","ast-main-header-display":"","ast-hfb-above-header-display":"","ast-hfb-below-header-display":"","ast-hfb-mobile-header-display":"","site-post-title":"disabled","ast-breadcrumbs-content":"","ast-featured-img":"disabled","footer-sml-layout":"","theme-transparent-header-meta":"default","adv-header-id-meta":"","stick-header-meta":"default","header-above-stick-meta":"","header-main-stick-meta":"","header-below-stick-meta":""},"_links":{"self":[{"href":"https:\/\/www.nitlogistic.com\/fr\/wp-json\/wp\/v2\/pages\/10"}],"collection":[{"href":"https:\/\/www.nitlogistic.com\/fr\/wp-json\/wp\/v2\/pages"}],"about":[{"href":"https:\/\/www.nitlogistic.com\/fr\/wp-json\/wp\/v2\/types\/page"}],"author":[{"embeddable":true,"href":"https:\/\/www.nitlogistic.com\/fr\/wp-json\/wp\/v2\/users\/2"}],"replies":[{"embeddable":true,"href":"https:\/\/www.nitlogistic.com\/fr\/wp-json\/wp\/v2\/comments?post=10"}],"version-history":[{"count":20,"href":"https:\/\/www.nitlogistic.com\/fr\/wp-json\/wp\/v2\/pages\/10\/revisions"}],"predecessor-version":[{"id":559,"href":"https:\/\/www.nitlogistic.com\/fr\/wp-json\/wp\/v2\/pages\/10\/revisions\/559"}],"wp:attachment":[{"href":"https:\/\/www.nitlogistic.com\/fr\/wp-json\/wp\/v2\/media?parent=10"}],"curies":[{"name":"wp","href":"https:\/\/api.w.org\/{rel}","templated":true}]}}