{"id":122,"date":"2014-09-29T10:40:54","date_gmt":"2014-09-29T10:40:54","guid":{"rendered":"http:\/\/www.copia.nitlogistic.com\/prueba\/?page_id=122"},"modified":"2022-06-27T19:03:02","modified_gmt":"2022-06-27T17:03:02","slug":"iata","status":"publish","type":"page","link":"https:\/\/www.nitlogistic.com\/fr\/iata\/","title":{"rendered":"IATA"},"content":{"rendered":"<p><a href=\"http:\/\/www.nitlogistic.com\/wp-content\/uploads\/2014\/05\/accredite.jpg\"><img loading=\"lazy\" class=\"aligncenter wp-image-118 size-thumbnail\" src=\"http:\/\/www.nitlogistic.com\/wp-content\/uploads\/2014\/05\/accredite-150x150.jpg\" alt=\"accredite\" width=\"150\" height=\"150\" \/><\/a><\/p>\n<p>Notre service a\u00e9rien vers les quatre coins de la plan\u00e8te couvre les besoins les plus indispensables de nos clients.<\/p>\n<p>Toujours avec la s\u00e9curit\u00e9 et la garantie que NIT Logistic est membre de\u00a0l\u2019Association du transport a\u00e9rien international (IATA), ce qui nous permet de n\u00e9gocier directement avec toutes les compagnies a\u00e9riennes du monde.<\/p>\n<p>De plus, notre service maritime compl\u00e8te le service de chargement seul, en conteneur complet (FCL), en groupage (LCL) ou d\u2019\u00e9quipements sp\u00e9ciaux, aussi bien en export qu\u2019en import, depuis et vers n\u2019importe lieu du monde. Il compte sur le soutien des meilleures entreprises au niveau mondial, ce qui nous permet d\u2019offrir le meilleur service complet pour que votre chargement soit toujours s\u00fbr et ponctuel.<\/p>\n<p>&nbsp;<\/p>\n<p><img loading=\"lazy\" class=\"alignnone size-full wp-image-138\" src=\"http:\/\/www.nitlogistic.com\/wp-content\/uploads\/2014\/09\/iata.jpg\" alt=\"iata\" width=\"1280\" height=\"401\" srcset=\"https:\/\/www.nitlogistic.com\/wp-content\/uploads\/2014\/09\/iata.jpg 1280w, https:\/\/www.nitlogistic.com\/wp-content\/uploads\/2014\/09\/iata-300x93.jpg 300w, https:\/\/www.nitlogistic.com\/wp-content\/uploads\/2014\/09\/iata-1024x320.jpg 1024w, https:\/\/www.nitlogistic.com\/wp-content\/uploads\/2014\/09\/iata-3x1.jpg 3w\" sizes=\"(max-width: 1280px) 100vw, 1280px\" \/><\/p>\n<p><a href=\"http:\/\/www.nitlogistic.com\">VOLVER ATR\u00c1S<\/a><\/p>\n<p>&nbsp;<\/p>","protected":false},"excerpt":{"rendered":"<p>Notre service a\u00e9rien vers les quatre coins de la plan\u00e8te couvre les besoins les plus indispensables de nos clients. Toujours avec la s\u00e9curit\u00e9 et la garantie que NIT Logistic est membre de\u00a0l\u2019Association du transport a\u00e9rien international (IATA), ce qui nous permet de n\u00e9gocier directement avec toutes les compagnies a\u00e9riennes du monde. De plus, notre service &hellip;<\/p>\n<p class=\"read-more\"> <a class=\"\" href=\"https:\/\/www.nitlogistic.com\/fr\/iata\/\"> <span class=\"screen-reader-text\">IATA<\/span> Lire la suite\u00a0\u00bb<\/a><\/p>\n","protected":false},"author":1,"featured_media":0,"parent":0,"menu_order":0,"comment_status":"closed","ping_status":"closed","template":"","meta":{"site-sidebar-layout":"no-sidebar","site-content-layout":"default","ast-global-header-display":"","ast-main-header-display":"","ast-hfb-above-header-display":"","ast-hfb-below-header-display":"","ast-hfb-mobile-header-display":"","site-post-title":"","ast-breadcrumbs-content":"","ast-featured-img":"","footer-sml-layout":"","theme-transparent-header-meta":"default","adv-header-id-meta":"","stick-header-meta":"default","header-above-stick-meta":"","header-main-stick-meta":"","header-below-stick-meta":""},"_links":{"self":[{"href":"https:\/\/www.nitlogistic.com\/fr\/wp-json\/wp\/v2\/pages\/122"}],"collection":[{"href":"https:\/\/www.nitlogistic.com\/fr\/wp-json\/wp\/v2\/pages"}],"about":[{"href":"https:\/\/www.nitlogistic.com\/fr\/wp-json\/wp\/v2\/types\/page"}],"author":[{"embeddable":true,"href":"https:\/\/www.nitlogistic.com\/fr\/wp-json\/wp\/v2\/users\/1"}],"replies":[{"embeddable":true,"href":"https:\/\/www.nitlogistic.com\/fr\/wp-json\/wp\/v2\/comments?post=122"}],"version-history":[{"count":6,"href":"https:\/\/www.nitlogistic.com\/fr\/wp-json\/wp\/v2\/pages\/122\/revisions"}],"predecessor-version":[{"id":474,"href":"https:\/\/www.nitlogistic.com\/fr\/wp-json\/wp\/v2\/pages\/122\/revisions\/474"}],"wp:attachment":[{"href":"https:\/\/www.nitlogistic.com\/fr\/wp-json\/wp\/v2\/media?parent=122"}],"curies":[{"name":"wp","href":"https:\/\/api.w.org\/{rel}","templated":true}]}}