{"id":13,"date":"2014-05-26T14:55:54","date_gmt":"2014-05-26T12:55:54","guid":{"rendered":"http:\/\/copia.nitlogistic.com\/wordpress\/?page_id=13"},"modified":"2022-09-13T16:20:25","modified_gmt":"2022-09-13T14:20:25","slug":"compromiso","status":"publish","type":"page","link":"https:\/\/www.nitlogistic.com\/fr\/compromiso\/","title":{"rendered":"Engagement"},"content":{"rendered":"<p>[vc_row full_width=\u00a0\u00bbstretch_row_content\u00a0\u00bb][vc_column][vc_empty_space height=\u00a0\u00bb12px\u00a0\u00bb][\/vc_column][\/vc_row][vc_row][vc_column][vc_column_text]<\/p>\n<p><span style=\"color: #000000;\"><strong>Nit Logistic<\/strong> facilite le flux de produits depuis le point d\u2019achat des mat\u00e9riaux jusqu\u2019au point de consommation, ainsi que les flux d\u2019informations qui se mettent en marche afin d\u2019offrir au consommateur le niveau de service ad\u00e9quat \u00e0 un prix raisonnable.<\/span><\/p>\n<p><span style=\"color: #000000;\"><strong>Nous nous engageons dans votre entreprise<\/strong>, en faisant partie de celle-ci, pour y introduire notre d\u00e9partement logistique et ainsi pouvoir offrir une meilleure qualit\u00e9 de nos services de distribution et transport.<\/span><\/p>\n<ul>\n<li><span style=\"color: #000000;\">\u00b7 Livraison des envois dans les d\u00e9lais \u00e9tablis.<\/span><\/li>\n<li><span style=\"color: #000000;\">\u00b7 S\u00e9curit\u00e9 des transports.<\/span><\/li>\n<\/ul>\n<h2><span style=\"color: #000000;\"><strong>L\u2019engagement envers nos clients se base sur\u00a0:<\/strong><\/span><\/h2>\n<p><span style=\"color: #000000;\"><strong>NIT Logistic <\/strong>mise sur une ligne d\u2019avenir, le concept de <strong>durabilit\u00e9 dans le transport\u00a0<\/strong>: l\u2019utilisation rationnelle des moyens de transport, de collecte et de livraison, l\u2019\u00e9tat des camions et leurs \u00e9missions de CO2. De plus, NIT Logistic s\u2019incorpore dans un groupe consolid\u00e9 pour offrir la <strong>garantie de service et qualit\u00e9<\/strong> et obtenir la solidit\u00e9 d\u00e9finitive dans un secteur tr\u00e8s comp\u00e9titif.<\/span><\/p>\n<p>&nbsp;<\/p>\n<p>&nbsp;<\/p>","protected":false},"excerpt":{"rendered":"<p>[vc_row full_width=\u00a0\u00bbstretch_row_content\u00a0\u00bb][vc_column][vc_empty_space height=\u00a0\u00bb12px\u00a0\u00bb][\/vc_column][\/vc_row][vc_row][vc_column][vc_column_text] Nit Logistic facilite le flux de produits depuis le point d\u2019achat des mat\u00e9riaux jusqu\u2019au point de consommation, ainsi que les flux d\u2019informations qui se mettent en marche afin d\u2019offrir au consommateur le niveau de service ad\u00e9quat \u00e0 un prix raisonnable. Nous nous engageons dans votre entreprise, en faisant partie de celle-ci, pour &hellip;<\/p>\n<p class=\"read-more\"> <a class=\"\" href=\"https:\/\/www.nitlogistic.com\/fr\/compromiso\/\"> <span class=\"screen-reader-text\">Engagement<\/span> Lire la suite\u00a0\u00bb<\/a><\/p>\n","protected":false},"author":2,"featured_media":0,"parent":0,"menu_order":0,"comment_status":"closed","ping_status":"closed","template":"","meta":{"site-sidebar-layout":"no-sidebar","site-content-layout":"plain-container","ast-global-header-display":"","ast-main-header-display":"","ast-hfb-above-header-display":"","ast-hfb-below-header-display":"","ast-hfb-mobile-header-display":"","site-post-title":"disabled","ast-breadcrumbs-content":"","ast-featured-img":"disabled","footer-sml-layout":"","theme-transparent-header-meta":"default","adv-header-id-meta":"","stick-header-meta":"default","header-above-stick-meta":"","header-main-stick-meta":"","header-below-stick-meta":""},"_links":{"self":[{"href":"https:\/\/www.nitlogistic.com\/fr\/wp-json\/wp\/v2\/pages\/13"}],"collection":[{"href":"https:\/\/www.nitlogistic.com\/fr\/wp-json\/wp\/v2\/pages"}],"about":[{"href":"https:\/\/www.nitlogistic.com\/fr\/wp-json\/wp\/v2\/types\/page"}],"author":[{"embeddable":true,"href":"https:\/\/www.nitlogistic.com\/fr\/wp-json\/wp\/v2\/users\/2"}],"replies":[{"embeddable":true,"href":"https:\/\/www.nitlogistic.com\/fr\/wp-json\/wp\/v2\/comments?post=13"}],"version-history":[{"count":12,"href":"https:\/\/www.nitlogistic.com\/fr\/wp-json\/wp\/v2\/pages\/13\/revisions"}],"predecessor-version":[{"id":535,"href":"https:\/\/www.nitlogistic.com\/fr\/wp-json\/wp\/v2\/pages\/13\/revisions\/535"}],"wp:attachment":[{"href":"https:\/\/www.nitlogistic.com\/fr\/wp-json\/wp\/v2\/media?parent=13"}],"curies":[{"name":"wp","href":"https:\/\/api.w.org\/{rel}","templated":true}]}}