{"id":136,"date":"2014-09-29T11:34:57","date_gmt":"2014-09-29T11:34:57","guid":{"rendered":"http:\/\/www.copia.nitlogistic.com\/prueba\/?page_id=136"},"modified":"2022-09-14T12:49:56","modified_gmt":"2022-09-14T10:49:56","slug":"clientes","status":"publish","type":"page","link":"https:\/\/www.nitlogistic.com\/fr\/clientes\/","title":{"rendered":"Clients"},"content":{"rendered":"<p>[vc_row][vc_column][vc_row_inner][vc_column_inner][\/vc_column_inner][\/vc_row_inner][vc_column_text]<\/p>\n<h2>CLIENTS<\/h2>\n<p>[\/vc_column_text][vc_row_inner][vc_column_inner width=\u00a0\u00bb1\/2&Prime;][vc_column_text]CASQUE LS2, TECH DESIGN &#8211; Casques de moto.<br \/>\nCASA MAS FERRER &#8211; Bicyclettes et accessoires.<br \/>\nSHERCO MOTOCYCLES &#8211; Motos d&rsquo;enduro et de trial, pi\u00e8ces d\u00e9tach\u00e9es.<br \/>\nBENEITO &amp; ; FAURE LIGHTING &#8211; Lampes (led et autres).<br \/>\nALARME BY DEMES Y QUEEN &#8211; Alarmes de s\u00e9curit\u00e9 et CCTV.<br \/>\nMISTRAL BONSAI &#8211; Bonsa\u00efs.<br \/>\nCONCORAL S.A &#8211; Projets sur mesure avec des plantes et des fleurs artificielles.<br \/>\nGRUPO MCI MUNDOCOLOR HOLDING SL- \u00c9clairage architectural technique.<br \/>\nNOVOLUX LIGHTING SL- \u00c9clairage int\u00e9rieur et ext\u00e9rieur.<br \/>\nLABORATORIOS KLEIN COSMETICA- Fabrication de produits cosm\u00e9tiques.[\/vc_column_text][\/vc_column_inner][vc_column_inner width=\u00a0\u00bb1\/2&Prime;][vc_column_text]FLEXNGATE PLASTICOS, S.A. &#8211; Industrie automobile.<br \/>\nMOTIC SPAIN, SLU &#8211; Optique et microscopie.<br \/>\nNEXIA ILUMINACI\u00d3N &#8211; \u00c9clairage et d\u00e9coration industriels.<br \/>\nKARTSANA &#8211; Brancards m\u00e9dicaux pour les transferts en ambulance.<br \/>\nCURTIDOS GRACIA &#8211; Tannage pour l&rsquo;industrie du meuble.<br \/>\nMSC BIKE &#8211; Bicyclettes, pi\u00e8ces d\u00e9tach\u00e9es et autres.<br \/>\nPRODUCTES ALIMENTARIS LA PERLA &#8211; Nourriture exotique.<br \/>\nFUJI MAE &#8211; V\u00eatements et accessoires d&rsquo;arts martiaux.<br \/>\nFLORA QUENN &#8211; Livraison de fleurs.<br \/>\nBE GREEN &#8211; Livraison de plantes \u00e0 domicile. [\/vc_column_text][\/vc_column_inner][\/vc_row_inner][\/vc_column][\/vc_row]<\/p>","protected":false},"excerpt":{"rendered":"<p>[vc_row][vc_column][vc_row_inner][vc_column_inner][\/vc_column_inner][\/vc_row_inner][vc_column_text] CLIENTS [\/vc_column_text][vc_row_inner][vc_column_inner width=\u00a0\u00bb1\/2&Prime;][vc_column_text]CASQUE LS2, TECH DESIGN &#8211; Casques de moto. CASA MAS FERRER &#8211; Bicyclettes et accessoires. SHERCO MOTOCYCLES &#8211; Motos d&rsquo;enduro et de trial, pi\u00e8ces d\u00e9tach\u00e9es. BENEITO &amp; ; FAURE LIGHTING &#8211; Lampes (led et autres). ALARME BY DEMES Y QUEEN &#8211; Alarmes de s\u00e9curit\u00e9 et CCTV. MISTRAL BONSAI &#8211; Bonsa\u00efs. CONCORAL S.A &hellip;<\/p>\n<p class=\"read-more\"> <a class=\"\" href=\"https:\/\/www.nitlogistic.com\/fr\/clientes\/\"> <span class=\"screen-reader-text\">Clients<\/span> Lire la suite\u00a0\u00bb<\/a><\/p>\n","protected":false},"author":1,"featured_media":0,"parent":0,"menu_order":0,"comment_status":"closed","ping_status":"closed","template":"","meta":{"site-sidebar-layout":"no-sidebar","site-content-layout":"plain-container","ast-global-header-display":"","ast-main-header-display":"","ast-hfb-above-header-display":"","ast-hfb-below-header-display":"","ast-hfb-mobile-header-display":"","site-post-title":"disabled","ast-breadcrumbs-content":"","ast-featured-img":"disabled","footer-sml-layout":"","theme-transparent-header-meta":"default","adv-header-id-meta":"","stick-header-meta":"default","header-above-stick-meta":"","header-main-stick-meta":"","header-below-stick-meta":""},"_links":{"self":[{"href":"https:\/\/www.nitlogistic.com\/fr\/wp-json\/wp\/v2\/pages\/136"}],"collection":[{"href":"https:\/\/www.nitlogistic.com\/fr\/wp-json\/wp\/v2\/pages"}],"about":[{"href":"https:\/\/www.nitlogistic.com\/fr\/wp-json\/wp\/v2\/types\/page"}],"author":[{"embeddable":true,"href":"https:\/\/www.nitlogistic.com\/fr\/wp-json\/wp\/v2\/users\/1"}],"replies":[{"embeddable":true,"href":"https:\/\/www.nitlogistic.com\/fr\/wp-json\/wp\/v2\/comments?post=136"}],"version-history":[{"count":13,"href":"https:\/\/www.nitlogistic.com\/fr\/wp-json\/wp\/v2\/pages\/136\/revisions"}],"predecessor-version":[{"id":544,"href":"https:\/\/www.nitlogistic.com\/fr\/wp-json\/wp\/v2\/pages\/136\/revisions\/544"}],"wp:attachment":[{"href":"https:\/\/www.nitlogistic.com\/fr\/wp-json\/wp\/v2\/media?parent=136"}],"curies":[{"name":"wp","href":"https:\/\/api.w.org\/{rel}","templated":true}]}}