{"id":6,"date":"2014-05-20T12:10:04","date_gmt":"2014-05-20T12:10:04","guid":{"rendered":"http:\/\/copia.nitlogistic.com\/web\/?page_id=2"},"modified":"2022-09-14T14:32:42","modified_gmt":"2022-09-14T12:32:42","slug":"presentacion","status":"publish","type":"page","link":"https:\/\/www.nitlogistic.com\/fr\/","title":{"rendered":"Accueil"},"content":{"rendered":"<p>[vc_row full_width=\u00a0\u00bbstretch_row_content_no_spaces\u00a0\u00bb content_placement=\u00a0\u00bbmiddle\u00a0\u00bb css=\u00a0\u00bb.vc_custom_1656679088112{margin-bottom: 0px !important;border-bottom-width: 0px !important;padding-bottom: 0px !important;background-color: #08095b !important;}\u00a0\u00bb][vc_column][\/vc_column][\/vc_row][vc_row][vc_column][vc_row_inner][vc_column_inner width=\u00a0\u00bb1\/4&Prime;][vc_column_text]<a href=\"http:\/\/www.copia.nitlogistic.com\/iata\/\"><img loading=\"lazy\" class=\"size-full wp-image-202 aligncenter\" src=\"http:\/\/www.copia.nitlogistic.com\/wp-content\/uploads\/2014\/05\/accredite1.jpg\" alt=\"accredite\" width=\"240\" height=\"200\" srcset=\"https:\/\/www.nitlogistic.com\/wp-content\/uploads\/2014\/05\/accredite1.jpg 240w, https:\/\/www.nitlogistic.com\/wp-content\/uploads\/2014\/05\/accredite1-1x1.jpg 1w\" sizes=\"(max-width: 240px) 100vw, 240px\" \/><\/a>[\/vc_column_text][\/vc_column_inner][vc_column_inner width=\u00a0\u00bb1\/4&Prime;][vc_column_text]<\/p>\n<p style=\"text-align: center;\"><a href=\"http:\/\/www.logimat-delegaciones.net\/LoginWebForm.aspx?Nif=B64951759\"><img loading=\"lazy\" class=\"alignnone size-full wp-image-295\" src=\"http:\/\/www.copia.nitlogistic.com\/wp-content\/uploads\/2014\/05\/AREACLIENTES-FR-1.jpg\" alt=\"AREACLIENTES-FR\" width=\"200\" height=\"200\" srcset=\"https:\/\/www.nitlogistic.com\/wp-content\/uploads\/2014\/05\/AREACLIENTES-FR-1.jpg 200w, https:\/\/www.nitlogistic.com\/wp-content\/uploads\/2014\/05\/AREACLIENTES-FR-1-150x150.jpg 150w, https:\/\/www.nitlogistic.com\/wp-content\/uploads\/2014\/05\/AREACLIENTES-FR-1-1x1.jpg 1w\" sizes=\"(max-width: 200px) 100vw, 200px\" \/><\/a><\/p>\n<p>[\/vc_column_text][\/vc_column_inner][vc_column_inner width=\u00a0\u00bb1\/4&Prime;][vc_column_text]<\/p>\n<p style=\"text-align: center;\"><a href=\"http:\/\/www.logimat-delegaciones.net\/SeguimientoExpediciones.aspx?Empresa=NITLOGISTIC&amp;lng=FR\"><img loading=\"lazy\" class=\"alignnone size-full wp-image-296\" src=\"http:\/\/www.copia.nitlogistic.com\/wp-content\/uploads\/2014\/05\/SEGUIMINETODEEXPEDICIONES-FR-1.jpg\" alt=\"SEGUIMINETODEEXPEDICIONES-FR\" width=\"200\" height=\"220\" srcset=\"https:\/\/www.nitlogistic.com\/wp-content\/uploads\/2014\/05\/SEGUIMINETODEEXPEDICIONES-FR-1.jpg 200w, https:\/\/www.nitlogistic.com\/wp-content\/uploads\/2014\/05\/SEGUIMINETODEEXPEDICIONES-FR-1-1x1.jpg 1w\" sizes=\"(max-width: 200px) 100vw, 200px\" \/><\/a><\/p>\n<p>[\/vc_column_text][\/vc_column_inner][vc_column_inner width=\u00a0\u00bb1\/4&Prime;][vc_column_text]<\/p>\n<p style=\"text-align: center;\"><a href=\"http:\/\/www.copia.nitlogistic.com\/delegaciones\/\"><img loading=\"lazy\" class=\"alignnone wp-image-297\" src=\"http:\/\/www.copia.nitlogistic.com\/wp-content\/uploads\/2014\/05\/SERVICIOSEXPRESS-FR-1.jpg\" alt=\"SERVICIOSEXPRESS-FR\" width=\"180\" height=\"216\" srcset=\"https:\/\/www.nitlogistic.com\/wp-content\/uploads\/2014\/05\/SERVICIOSEXPRESS-FR-1.jpg 200w, https:\/\/www.nitlogistic.com\/wp-content\/uploads\/2014\/05\/SERVICIOSEXPRESS-FR-1-1x1.jpg 1w\" sizes=\"(max-width: 180px) 100vw, 180px\" \/><\/a><\/p>\n<p>[\/vc_column_text][\/vc_column_inner][\/vc_row_inner][\/vc_column][\/vc_row][vc_row][vc_column][vc_column_text]Apr\u00e8s <span style=\"color: #ff6600;\"><strong><em>20\u00a0ans d\u2019exp\u00e9rience<\/em><\/strong><\/span> dans le domaine des transports, <span style=\"color: #ff6600;\"><strong>NIT LOGISTIC<\/strong><\/span> voit le jour comme r\u00e9sultat d\u2019un int\u00e9r\u00eat commercial et entrepreneurial dans le secteur du transport international et national.<\/p>\n<p><span style=\"color: #ff6600;\"><strong>NIT LOGISTIC<\/strong><\/span> mise sur un <span style=\"color: #ff6600;\"><strong><em>traitement diff\u00e9renci\u00e9 personnalis\u00e9 et de qualit\u00e9<\/em><\/strong><\/span>, concept largement exploit\u00e9 par le secteur mais qui ne s\u2019appr\u00e9cie jamais dans le service ni dans le travail. C\u2019est pourquoi NIT LOGISTIC change les r\u00e8gles habituelles du march\u00e9 et envisage un service de qualit\u00e9 personnalis\u00e9.<\/p>\n<p><span style=\"color: #ff6600;\"><strong>NIT LOGISTIC<\/strong>,<\/span> depuis son personnel des d\u00e9partements de direction, logistique, administration et commercial, jusqu\u2019au moindre employ\u00e9 de livraison ou d\u2019entrep\u00f4t, <strong><em>se consacre au client avec assistance, d\u00e9vouement, innovation et effort quotidien<\/em><\/strong>, en r\u00e9cup\u00e9rant la valeur d\u2019autrefois de l\u2019authentique \u00ab\u00a0au service du client\u00a0\u00bb.<\/p>\n<p><span style=\"color: #ff6600;\"><strong>NIT LOGISTIC<\/strong>,<\/span> contrairement \u00e0 ses concurrents, mise sur une <span style=\"color: #ff6600;\"><strong><em>ligne d\u2019avenir,<\/em><\/strong> <strong><em>le concept de durabilit\u00e9 dans le transport\u00a0<\/em><\/strong>:<\/span> ensemble de processus et actions d\u00e9riv\u00e9es destin\u00e9es \u00e0 atteindre comme objectif final une utilisation rationnelle des moyens de transport, de collecte et livraison, pour optimiser les ressources et leur impact sur l\u2019environnement (parcours de collecte et livraison, \u00e9tat des camions et leurs \u00e9missions de CO2, optimisation des v\u00e9hicules selon la quantit\u00e9 et le volume des paquets \u00e0 transporter). Et dans un avenir pas si lointain, nous pourrons envisager l\u2019incorporation de v\u00e9hicules non polluants et l\u2019utilisation de carburants non fossiles.<\/p>\n<p><span style=\"color: #ff6600;\"><strong>NIT LOGISTIC<\/strong><\/span> s\u2019int\u00e8gre dans un groupe d\u2019entreprise consolid\u00e9 pour pouvoir offrir la garantie de service et qualit\u00e9, au moyen d\u2019un partenaire, dont le principal actif est \u00e9conomique, en obtenant la solidit\u00e9 d\u2019entreprise d\u00e9finitive dans un secteur tr\u00e8s comp\u00e9titif.<\/p>\n<p>&nbsp;<\/p>\n<p>[\/vc_column_text][vc_column_text]<\/p>\n<p>&nbsp;<\/p>\n<p><span style=\"border-radius: 2px; text-indent: 20px; width: auto; padding: 0px 4px 0px 0px; text-align: center; font: bold 11px\/20px 'Helvetica Neue',Helvetica,sans-serif; color: #ffffff; background: #bd081c no-repeat scroll 3px 50% \/ 14px 14px; position: absolute; opacity: 1; z-index: 8675309; display: none; cursor: pointer;\">Guardar<\/span><\/p>\n<p><span style=\"border-radius: 2px; text-indent: 20px; width: auto; padding: 0px 4px 0px 0px; text-align: center; font: bold 11px\/20px 'Helvetica Neue',Helvetica,sans-serif; color: #ffffff; background: #bd081c no-repeat scroll 3px 50% \/ 14px 14px; position: absolute; opacity: 1; z-index: 8675309; display: none; cursor: pointer;\">Guardar<\/span><\/p>\n<p><span style=\"border-radius: 2px; text-indent: 20px; width: auto; padding: 0px 4px 0px 0px; text-align: center; font: bold 11px\/20px 'Helvetica Neue',Helvetica,sans-serif; color: #ffffff; background: #bd081c no-repeat scroll 3px 50% \/ 14px 14px; position: absolute; opacity: 0.85; z-index: 8675309; display: none; cursor: pointer; top: 36px; left: 464px;\">Guardar<\/span>[\/vc_column_text][\/vc_column][\/vc_row]<\/p>","protected":false},"excerpt":{"rendered":"<p>[vc_row full_width=\u00a0\u00bbstretch_row_content_no_spaces\u00a0\u00bb content_placement=\u00a0\u00bbmiddle\u00a0\u00bb css=\u00a0\u00bb.vc_custom_1656679088112{margin-bottom: 0px !important;border-bottom-width: 0px !important;padding-bottom: 0px !important;background-color: #08095b !important;}\u00a0\u00bb][vc_column][\/vc_column][\/vc_row][vc_row][vc_column][vc_row_inner][vc_column_inner width=\u00a0\u00bb1\/4&Prime;][vc_column_text][\/vc_column_text][\/vc_column_inner][vc_column_inner width=\u00a0\u00bb1\/4&Prime;][vc_column_text] [\/vc_column_text][\/vc_column_inner][vc_column_inner width=\u00a0\u00bb1\/4&Prime;][vc_column_text] [\/vc_column_text][\/vc_column_inner][vc_column_inner width=\u00a0\u00bb1\/4&Prime;][vc_column_text] [\/vc_column_text][\/vc_column_inner][\/vc_row_inner][\/vc_column][\/vc_row][vc_row][vc_column][vc_column_text]Apr\u00e8s 20\u00a0ans d\u2019exp\u00e9rience dans le domaine des transports, NIT LOGISTIC voit le jour comme r\u00e9sultat d\u2019un int\u00e9r\u00eat commercial et entrepreneurial dans le secteur du transport international et national. NIT LOGISTIC mise sur un traitement diff\u00e9renci\u00e9 personnalis\u00e9 et &hellip;<\/p>\n<p class=\"read-more\"> <a class=\"\" href=\"https:\/\/www.nitlogistic.com\/fr\/\"> <span class=\"screen-reader-text\">Accueil<\/span> Lire la suite\u00a0\u00bb<\/a><\/p>\n","protected":false},"author":2,"featured_media":0,"parent":0,"menu_order":0,"comment_status":"closed","ping_status":"closed","template":"","meta":{"site-sidebar-layout":"no-sidebar","site-content-layout":"plain-container","ast-global-header-display":"","ast-main-header-display":"","ast-hfb-above-header-display":"","ast-hfb-below-header-display":"","ast-hfb-mobile-header-display":"","site-post-title":"disabled","ast-breadcrumbs-content":"disabled","ast-featured-img":"disabled","footer-sml-layout":"","theme-transparent-header-meta":"default","adv-header-id-meta":"","stick-header-meta":"default","header-above-stick-meta":"","header-main-stick-meta":"","header-below-stick-meta":""},"_links":{"self":[{"href":"https:\/\/www.nitlogistic.com\/fr\/wp-json\/wp\/v2\/pages\/6"}],"collection":[{"href":"https:\/\/www.nitlogistic.com\/fr\/wp-json\/wp\/v2\/pages"}],"about":[{"href":"https:\/\/www.nitlogistic.com\/fr\/wp-json\/wp\/v2\/types\/page"}],"author":[{"embeddable":true,"href":"https:\/\/www.nitlogistic.com\/fr\/wp-json\/wp\/v2\/users\/2"}],"replies":[{"embeddable":true,"href":"https:\/\/www.nitlogistic.com\/fr\/wp-json\/wp\/v2\/comments?post=6"}],"version-history":[{"count":27,"href":"https:\/\/www.nitlogistic.com\/fr\/wp-json\/wp\/v2\/pages\/6\/revisions"}],"predecessor-version":[{"id":567,"href":"https:\/\/www.nitlogistic.com\/fr\/wp-json\/wp\/v2\/pages\/6\/revisions\/567"}],"wp:attachment":[{"href":"https:\/\/www.nitlogistic.com\/fr\/wp-json\/wp\/v2\/media?parent=6"}],"curies":[{"name":"wp","href":"https:\/\/api.w.org\/{rel}","templated":true}]}}