{"id":6,"date":"2014-05-20T12:10:04","date_gmt":"2014-05-20T12:10:04","guid":{"rendered":"http:\/\/copia.nitlogistic.com\/web\/?page_id=2"},"modified":"2022-09-14T14:32:42","modified_gmt":"2022-09-14T12:32:42","slug":"presentacion","status":"publish","type":"page","link":"https:\/\/www.nitlogistic.com\/it\/","title":{"rendered":"Home"},"content":{"rendered":"<p>[vc_row full_width=&#8221;stretch_row_content_no_spaces&#8221; content_placement=&#8221;middle&#8221; css=&#8221;.vc_custom_1656679088112{margin-bottom: 0px !important;border-bottom-width: 0px !important;padding-bottom: 0px !important;background-color: #08095b !important;}&#8221;][vc_column][\/vc_column][\/vc_row][vc_row][vc_column][vc_row_inner][vc_column_inner width=&#8221;1\/4&#8243;][vc_column_text]<a href=\"https:\/\/www.copia.nitlogistic.com\/iata\/\"><img loading=\"lazy\" class=\"size-full wp-image-202 aligncenter\" src=\"http:\/\/www.copia.nitlogistic.com\/wp-content\/uploads\/2014\/05\/accredite1.jpg\" alt=\"accredite\" width=\"240\" height=\"200\" srcset=\"https:\/\/www.nitlogistic.com\/wp-content\/uploads\/2014\/05\/accredite1.jpg 240w, https:\/\/www.nitlogistic.com\/wp-content\/uploads\/2014\/05\/accredite1-1x1.jpg 1w\" sizes=\"(max-width: 240px) 100vw, 240px\" \/><\/a>[\/vc_column_text][\/vc_column_inner][vc_column_inner width=&#8221;1\/4&#8243;][vc_column_text]<\/p>\n<p style=\"text-align: center;\"><a href=\"http:\/\/www.logimat-delegaciones.net\/LoginWebForm.aspx?Nif=B64951759\"><img loading=\"lazy\" class=\"alignnone size-full wp-image-292\" src=\"http:\/\/www.copia.nitlogistic.com\/wp-content\/uploads\/2014\/05\/AREACLIENTES-IT-1.jpg\" alt=\"AREACLIENTES-IT\" width=\"200\" height=\"200\" srcset=\"https:\/\/www.nitlogistic.com\/wp-content\/uploads\/2014\/05\/AREACLIENTES-IT-1.jpg 200w, https:\/\/www.nitlogistic.com\/wp-content\/uploads\/2014\/05\/AREACLIENTES-IT-1-150x150.jpg 150w, https:\/\/www.nitlogistic.com\/wp-content\/uploads\/2014\/05\/AREACLIENTES-IT-1-1x1.jpg 1w\" sizes=\"(max-width: 200px) 100vw, 200px\" \/><\/a><\/p>\n<p>[\/vc_column_text][\/vc_column_inner][vc_column_inner width=&#8221;1\/4&#8243;][vc_column_text]<\/p>\n<p style=\"text-align: center;\"><a href=\"http:\/\/www.copia.nitlogistic.com\/seguimiento-de-expediciones\/\"><img loading=\"lazy\" class=\"alignnone size-full wp-image-293\" src=\"http:\/\/www.copia.nitlogistic.com\/wp-content\/uploads\/2014\/05\/SEGUIMINETODEEXPEDICIONES-IT-1.jpg\" alt=\"SEGUIMINETODEEXPEDICIONES-IT\" width=\"200\" height=\"220\" srcset=\"https:\/\/www.nitlogistic.com\/wp-content\/uploads\/2014\/05\/SEGUIMINETODEEXPEDICIONES-IT-1.jpg 200w, https:\/\/www.nitlogistic.com\/wp-content\/uploads\/2014\/05\/SEGUIMINETODEEXPEDICIONES-IT-1-1x1.jpg 1w\" sizes=\"(max-width: 200px) 100vw, 200px\" \/><\/a><\/p>\n<p>[\/vc_column_text][\/vc_column_inner][vc_column_inner width=&#8221;1\/4&#8243;][vc_column_text]<\/p>\n<p style=\"text-align: center;\"><a href=\"http:\/\/www.copia.nitlogistic.com\/delegaciones\/\"><img loading=\"lazy\" class=\"alignnone wp-image-294\" src=\"http:\/\/www.copia.nitlogistic.com\/wp-content\/uploads\/2014\/05\/SERVICIOSEXPRESS-IT-1.jpg\" alt=\"SERVICIOSEXPRESS-IT\" width=\"180\" height=\"216\" srcset=\"https:\/\/www.nitlogistic.com\/wp-content\/uploads\/2014\/05\/SERVICIOSEXPRESS-IT-1.jpg 200w, https:\/\/www.nitlogistic.com\/wp-content\/uploads\/2014\/05\/SERVICIOSEXPRESS-IT-1-1x1.jpg 1w\" sizes=\"(max-width: 180px) 100vw, 180px\" \/><\/a><\/p>\n<p>[\/vc_column_text][\/vc_column_inner][\/vc_row_inner][vc_column_text]Dopo <span style=\"color: #ff6600;\"><strong><em>20 anni di esperienza<\/em><\/strong><\/span> nell&#8217;ambito dei trasporti, abbiamo creato <span style=\"color: #ff6600;\"><strong>NIT LOGISTIC<\/strong><\/span>, il risultato del nostro desiderio di crescita commerciale e aziendale nel settore dei trasporti internazionali e nazionali.<\/p>\n<p><span style=\"color: #ff6600;\"><strong>NIT LOGISTIC<\/strong><\/span> \u00e8 caratterizzata dalla<span style=\"color: #ff6600;\"><strong><em> personalizzazione e dalla qualit\u00e0 nel servizio<\/em><\/strong>.<\/span> Tale concetto \u00e8 molto utilizzato nel settore, tuttavia rare volte si riflette nel lavoro. Per questo motivo, NIT LOGISTIC cambia la tendenza del mercato, offrendo un servizio e una qualit\u00e0 davvero personalizzati.<\/p>\n<p>Il nostro personale di direzione, logistica, amministrativo, commerciale, fino alle consegne e al magazzino <span style=\"color: #ff6600;\"><strong><em>assiste il Cliente con dedizione, innovazione e impegno quotidiano<\/em><\/strong>.<\/span> Recuperiamo l&#8217;autentico significato dell&#8217;espressione \u201cal servizio del cliente\u201d.<\/p>\n<p><span style=\"color: #ff6600;\"><strong>NIT LOGISTIC<\/strong>,<\/span> a differenza della concorrenza, scommette sul <strong><em>futuro,<\/em><\/strong> <strong><em>sul concetto di sostenibilit\u00e0 nel trasporto<\/em><\/strong>. Si tratta di un insieme di processi e relative azioni, che hanno lo scopo di ottenere un uso razionale dei mezzi di trasporto, ritiro e consegna, per ottimizzare le risorse ambientali e il loro impatto ambientale: percorsi per le consegne e i ritiri, stato dei camion e le loro emissioni di CO2, ottimizzazione dei veicoli nella quantit\u00e0 e volume delle merci da trasportare. Ci proponiamo inoltre, in un futuro non lontano, l&#8217;introduzione di veicoli non inquinanti, con l&#8217;uso di carburanti non fossili.<\/p>\n<p><span style=\"color: #ff6600;\"><strong>NIT LOGISTIC<\/strong><\/span> \u00e8 parte di un gruppo aziendale consolidato, che offre la garanzia di servizio e qualit\u00e0, per mezzo di un partner, che ha come attivo principale quello economico. In questo modo, otteniamo solidit\u00e0 aziendale in un settore molto competitivo.<\/p>\n<p>[\/vc_column_text][\/vc_column][\/vc_row]<\/p>","protected":false},"excerpt":{"rendered":"<p>[vc_row full_width=&#8221;stretch_row_content_no_spaces&#8221; content_placement=&#8221;middle&#8221; css=&#8221;.vc_custom_1656679088112{margin-bottom: 0px !important;border-bottom-width: 0px !important;padding-bottom: 0px !important;background-color: #08095b !important;}&#8221;][vc_column][\/vc_column][\/vc_row][vc_row][vc_column][vc_row_inner][vc_column_inner width=&#8221;1\/4&#8243;][vc_column_text][\/vc_column_text][\/vc_column_inner][vc_column_inner width=&#8221;1\/4&#8243;][vc_column_text] [\/vc_column_text][\/vc_column_inner][vc_column_inner width=&#8221;1\/4&#8243;][vc_column_text] [\/vc_column_text][\/vc_column_inner][vc_column_inner width=&#8221;1\/4&#8243;][vc_column_text] [\/vc_column_text][\/vc_column_inner][\/vc_row_inner][vc_column_text]Dopo 20 anni di esperienza nell&#8217;ambito dei trasporti, abbiamo creato NIT LOGISTIC, il risultato del nostro desiderio di crescita commerciale e aziendale nel settore dei trasporti internazionali e nazionali. NIT LOGISTIC \u00e8 caratterizzata dalla personalizzazione e dalla &hellip;<\/p>\n<p class=\"read-more\"> <a class=\"\" href=\"https:\/\/www.nitlogistic.com\/it\/\"> <span class=\"screen-reader-text\">Home<\/span> Leggi altro &raquo;<\/a><\/p>\n","protected":false},"author":2,"featured_media":0,"parent":0,"menu_order":0,"comment_status":"closed","ping_status":"closed","template":"","meta":{"site-sidebar-layout":"no-sidebar","site-content-layout":"plain-container","ast-global-header-display":"","ast-main-header-display":"","ast-hfb-above-header-display":"","ast-hfb-below-header-display":"","ast-hfb-mobile-header-display":"","site-post-title":"disabled","ast-breadcrumbs-content":"disabled","ast-featured-img":"disabled","footer-sml-layout":"","theme-transparent-header-meta":"default","adv-header-id-meta":"","stick-header-meta":"default","header-above-stick-meta":"","header-main-stick-meta":"","header-below-stick-meta":""},"_links":{"self":[{"href":"https:\/\/www.nitlogistic.com\/it\/wp-json\/wp\/v2\/pages\/6"}],"collection":[{"href":"https:\/\/www.nitlogistic.com\/it\/wp-json\/wp\/v2\/pages"}],"about":[{"href":"https:\/\/www.nitlogistic.com\/it\/wp-json\/wp\/v2\/types\/page"}],"author":[{"embeddable":true,"href":"https:\/\/www.nitlogistic.com\/it\/wp-json\/wp\/v2\/users\/2"}],"replies":[{"embeddable":true,"href":"https:\/\/www.nitlogistic.com\/it\/wp-json\/wp\/v2\/comments?post=6"}],"version-history":[{"count":27,"href":"https:\/\/www.nitlogistic.com\/it\/wp-json\/wp\/v2\/pages\/6\/revisions"}],"predecessor-version":[{"id":567,"href":"https:\/\/www.nitlogistic.com\/it\/wp-json\/wp\/v2\/pages\/6\/revisions\/567"}],"wp:attachment":[{"href":"https:\/\/www.nitlogistic.com\/it\/wp-json\/wp\/v2\/media?parent=6"}],"curies":[{"name":"wp","href":"https:\/\/api.w.org\/{rel}","templated":true}]}}